{"id":366,"date":"2023-01-29T10:50:21","date_gmt":"2023-01-29T14:50:21","guid":{"rendered":"https:\/\/negocio.procitas.com.do\/?page_id=366"},"modified":"2023-03-19T21:09:57","modified_gmt":"2023-03-20T01:09:57","slug":"para-quien-es","status":"publish","type":"page","link":"https:\/\/negocio.procitas.com.do\/en\/para-quien-es\/","title":{"rendered":"Who It's For"},"content":{"rendered":"<p>[et_pb_section fb_built=\u00bb1&#8243; _builder_version=\u00bb4.20.0&#8243; _module_preset=\u00bbdefault\u00bb global_colors_info=\u00bb{}\u00bb][et_pb_row _builder_version=\u00bb4.20.0&#8243; _module_preset=\u00bbdefault\u00bb global_colors_info=\u00bb{}\u00bb][et_pb_column type=\u00bb4_4&#8243; _builder_version=\u00bb4.20.0&#8243; _module_preset=\u00bbdefault\u00bb global_colors_info=\u00bb{}\u00bb][et_pb_text _builder_version=\u00bb4.20.0&#8243; _module_preset=\u00bbdefault\u00bb header_font=\u00bbJost|700|||||||\u00bb header_text_color=\u00bb#000000&#8243; global_colors_info=\u00bb{}\u00bb]<\/p>\n<h1 style=\"text-align: center;\">Who is it for?<\/h1>\n<p>[\/et_pb_text][\/et_pb_column][\/et_pb_row][\/et_pb_section][et_pb_section fb_built=\u00bb1&#8243; fullwidth=\u00bbon\u00bb _builder_version=\u00bb4.16&#8243; global_colors_info=\u00bb{}\u00bb][et_pb_fullwidth_header title=\u00bbCentros m\u00e9dicos\u00bb header_fullscreen=\u00bbon\u00bb button_one_text=\u00bbME INTERESA\u00bb button_one_url=\u00bb@ET-DC@eyJkeW5hbWljIjp0cnVlLCJjb250ZW50IjoicG9zdF9saW5rX3VybF9wYWdlIiwic2V0dGluZ3MiOnsicG9zdF9pZCI6IjM2MCJ9fQ==@\u00bb content_max_width=\u00bb450px\u00bb admin_label=\u00bbcm\u00bb module_id=\u00bbcm\u00bb _builder_version=\u00bb4.20.0&#8243; _dynamic_attributes=\u00bbbutton_one_url\u00bb title_font=\u00bbJost|||on|||||\u00bb title_font_size=\u00bb47px\u00bb content_font=\u00bbPoppins||||||||\u00bb content_line_height=\u00bb1.8em\u00bb background_color=\u00bbrgba(1,2,41,0)\u00bb use_background_color_gradient=\u00bbon\u00bb background_color_gradient_stops=\u00bbrgba(0,0,0,0.5) 0%|rgba(0,0,0,0.49) 98%\u00bb background_color_gradient_overlays_image=\u00bbon\u00bb background_image=\u00bbhttps:\/\/negocio.procitas.com.do\/wp-content\/uploads\/2023\/01\/CENTROS-MEDICOS-Republica-Dominicana-Pro-Citas.webp\u00bb parallax=\u00bbon\u00bb custom_button_one=\u00bbon\u00bb button_one_text_size=\u00bb18px\u00bb button_one_text_color=\u00bb#ffffff\u00bb button_one_bg_color=\u00bb#2473da\u00bb button_one_border_width=\u00bb13px\u00bb button_one_border_color=\u00bb#2473da\u00bb button_one_border_radius=\u00bb0px\u00bb button_one_letter_spacing=\u00bb3px\u00bb button_one_font=\u00bbPoppins||||||||\u00bb title_font_size_tablet=\u00bb47px\u00bb title_font_size_phone=\u00bb26px\u00bb title_font_size_last_edited=\u00bbon|phone\u00bb button_one_text_size_tablet=\u00bb18px\u00bb button_one_text_size_phone=\u00bb11px\u00bb button_one_text_size_last_edited=\u00bbon|phone\u00bb border_width_all=\u00bb30px\u00bb border_color_all=\u00bb#ffffff\u00bb global_colors_info=\u00bb{}\u00bb button_one_text_color__hover_enabled=\u00bbon\u00bb button_one_text_color__hover=\u00bbrgba(255,255,255,0.98)\u00bb button_one_bg_color__hover_enabled=\u00bbon|hover\u00bb button_one_bg_color__hover=\u00bb#2473da\u00bb button_one_border_color__hover_enabled=\u00bbon|hover\u00bb button_one_border_color__hover=\u00bb#2473da\u00bb button_one_bg_enable_color__hover=\u00bbon\u00bb]<\/p>\n<p>Who It's For: Pro Citas can help hospitals and medical centers manage patient appointments, send automatic appointment reminders, as well as schedule appointments with different departments and manage patient flow.<\/p>\n<p>[\/et_pb_fullwidth_header][et_pb_fullwidth_header title=\u00bbConsultorios m\u00e9dicos, dentales y hospitales\u00bb header_fullscreen=\u00bbon\u00bb button_one_text=\u00bbME INTERESA\u00bb button_one_url=\u00bb@ET-DC@eyJkeW5hbWljIjp0cnVlLCJjb250ZW50IjoicG9zdF9saW5rX3VybF9wYWdlIiwic2V0dGluZ3MiOnsicG9zdF9pZCI6IjM2MCJ9fQ==@\u00bb content_max_width=\u00bb450px\u00bb admin_label=\u00bbConsultorios m\u00e9dicos, dentales y hospitales\u00bb module_id=\u00bbcmdh\u00bb _builder_version=\u00bb4.19.5&#8243; _dynamic_attributes=\u00bbbutton_one_url\u00bb title_font=\u00bbJost|||on|||||\u00bb title_font_size=\u00bb35px\u00bb content_font=\u00bbPoppins||||||||\u00bb content_font_size=\u00bb15px\u00bb content_line_height=\u00bb1.8em\u00bb background_color=\u00bbrgba(1,2,41,0)\u00bb use_background_color_gradient=\u00bbon\u00bb background_color_gradient_stops=\u00bbrgba(0,0,0,0.35) 0%|rgba(0,0,0,0.35) 100%\u00bb background_color_gradient_overlays_image=\u00bbon\u00bb background_image=\u00bbhttps:\/\/negocio.procitas.com.do\/wp-content\/uploads\/2023\/01\/CONSULTORIOS-MEDICOS-DENTALES-Pro-Citas.webp\u00bb parallax=\u00bbon\u00bb custom_button_one=\u00bbon\u00bb button_one_text_size=\u00bb18px\u00bb button_one_text_color=\u00bb#ffffff\u00bb button_one_bg_color=\u00bb#2473da\u00bb button_one_border_width=\u00bb13px\u00bb button_one_border_color=\u00bb#2473da\u00bb button_one_border_radius=\u00bb0px\u00bb button_one_letter_spacing=\u00bb3px\u00bb button_one_font=\u00bbPoppins||||||||\u00bb title_font_size_tablet=\u00bb35px\u00bb title_font_size_phone=\u00bb25px\u00bb title_font_size_last_edited=\u00bbon|phone\u00bb button_one_text_size_tablet=\u00bb18px\u00bb button_one_text_size_phone=\u00bb11px\u00bb button_one_text_size_last_edited=\u00bbon|phone\u00bb border_width_right=\u00bb30px\u00bb border_color_right=\u00bb#ffffff\u00bb border_width_bottom=\u00bb30px\u00bb border_color_bottom=\u00bb#ffffff\u00bb border_width_left=\u00bb30px\u00bb border_color_left=\u00bb#ffffff\u00bb global_colors_info=\u00bb{}\u00bb button_one_text_color__hover_enabled=\u00bbon\u00bb button_one_text_color__hover=\u00bbrgba(255,255,255,0.98)\u00bb button_one_bg_color__hover_enabled=\u00bbon\u00bb button_one_bg_color__hover=\u00bb#2473da\u00bb button_one_border_color__hover_enabled=\u00bbon|hover\u00bb button_one_border_color__hover=\u00bb#2473da\u00bb button_one_bg_enable_color__hover=\u00bbon\u00bb]<\/p>\n<p><span>Who It's For: Pro Citas can help medical and dental practices manage patient appointments, record patient information and send automated appointment reminders. This can help reduce no-shows and improve practice efficiency.<\/span><\/p>\n<p>[\/et_pb_fullwidth_header][et_pb_fullwidth_header title=\u00bbConsultores\u00bb header_fullscreen=\u00bbon\u00bb button_one_text=\u00bbME INTERESA\u00bb button_one_url=\u00bb@ET-DC@eyJkeW5hbWljIjp0cnVlLCJjb250ZW50IjoicG9zdF9saW5rX3VybF9wYWdlIiwic2V0dGluZ3MiOnsicG9zdF9pZCI6IjM2MCJ9fQ==@\u00bb content_max_width=\u00bb450px\u00bb admin_label=\u00bbConsultores\u00bb module_id=\u00bbconsultores\u00bb _builder_version=\u00bb4.19.5&#8243; _dynamic_attributes=\u00bbbutton_one_url\u00bb title_font=\u00bbJost|||on|||||\u00bb title_font_size=\u00bb60px\u00bb content_font=\u00bbPoppins||||||||\u00bb content_font_size=\u00bb18px\u00bb content_line_height=\u00bb1.8em\u00bb background_color=\u00bbrgba(1,2,41,0)\u00bb use_background_color_gradient=\u00bbon\u00bb background_color_gradient_stops=\u00bbrgba(0,0,0,0.3) 0%|rgba(0,0,0,0.3) 100%\u00bb background_color_gradient_overlays_image=\u00bbon\u00bb background_image=\u00bbhttps:\/\/negocio.procitas.com.do\/wp-content\/uploads\/2023\/01\/CONSULTORES-pro-citas.webp\u00bb parallax=\u00bbon\u00bb custom_button_one=\u00bbon\u00bb button_one_text_size=\u00bb18px\u00bb button_one_text_color=\u00bb#ffffff\u00bb button_one_bg_color=\u00bb#2473da\u00bb button_one_border_width=\u00bb13px\u00bb button_one_border_color=\u00bb#2473da\u00bb button_one_border_radius=\u00bb0px\u00bb button_one_letter_spacing=\u00bb3px\u00bb button_one_font=\u00bbPoppins||||||||\u00bb title_font_size_tablet=\u00bb60px\u00bb title_font_size_phone=\u00bb34px\u00bb title_font_size_last_edited=\u00bbon|phone\u00bb button_one_text_size_tablet=\u00bb18px\u00bb button_one_text_size_phone=\u00bb11px\u00bb button_one_text_size_last_edited=\u00bbon|phone\u00bb border_width_right=\u00bb30px\u00bb border_color_right=\u00bb#ffffff\u00bb border_width_bottom=\u00bb30px\u00bb border_color_bottom=\u00bb#ffffff\u00bb border_width_left=\u00bb30px\u00bb border_color_left=\u00bb#ffffff\u00bb global_colors_info=\u00bb{}\u00bb button_one_text_color__hover_enabled=\u00bbon\u00bb button_one_text_color__hover=\u00bbrgba(255,255,255,0.98)\u00bb button_one_bg_color__hover_enabled=\u00bbon|hover\u00bb button_one_bg_color__hover=\u00bb#2473da\u00bb button_one_border_color__hover_enabled=\u00bbon|desktop\u00bb button_one_border_color__hover=\u00bb#2473da\u00bb button_one_bg_enable_color__hover=\u00bbon\u00bb]<\/p>\n<p><span>Who It's For: Consultants can use Pro Citas to schedule appointments with clients, manage their calendars and access important client information.<\/span><\/p>\n<p>[\/et_pb_fullwidth_header][et_pb_fullwidth_header title=\u00bbOficinas de abogados\u00bb header_fullscreen=\u00bbon\u00bb button_one_text=\u00bbME INTERESA\u00bb button_one_url=\u00bb@ET-DC@eyJkeW5hbWljIjp0cnVlLCJjb250ZW50IjoicG9zdF9saW5rX3VybF9wYWdlIiwic2V0dGluZ3MiOnsicG9zdF9pZCI6IjM2MCJ9fQ==@\u00bb content_max_width=\u00bb450px\u00bb admin_label=\u00bbOficinas de abogados\u00bb module_id=\u00bboda\u00bb _builder_version=\u00bb4.19.5&#8243; _dynamic_attributes=\u00bbbutton_one_url\u00bb title_font=\u00bbJost|||on|||||\u00bb title_font_size=\u00bb36px\u00bb content_font=\u00bbPoppins||||||||\u00bb content_font_size=\u00bb15px\u00bb content_line_height=\u00bb1.8em\u00bb background_color=\u00bbrgba(1,2,41,0)\u00bb use_background_color_gradient=\u00bbon\u00bb background_color_gradient_stops=\u00bbrgba(0,0,0,0.2) 0%|rgba(0,0,0,0.2) 100%\u00bb background_color_gradient_overlays_image=\u00bbon\u00bb background_image=\u00bbhttps:\/\/negocio.procitas.com.do\/wp-content\/uploads\/2023\/01\/Oficina-de-Abogado-en-republica-dominicana-Pro-Citas.webp\u00bb parallax=\u00bbon\u00bb custom_button_one=\u00bbon\u00bb button_one_text_size=\u00bb18px\u00bb button_one_text_color=\u00bb#ffffff\u00bb button_one_bg_color=\u00bb#2473da\u00bb button_one_border_width=\u00bb13px\u00bb button_one_border_color=\u00bb#2473da\u00bb button_one_border_radius=\u00bb0px\u00bb button_one_letter_spacing=\u00bb3px\u00bb button_one_font=\u00bbPoppins||||||||\u00bb title_font_size_tablet=\u00bb36px\u00bb title_font_size_phone=\u00bb34px\u00bb title_font_size_last_edited=\u00bbon|phone\u00bb button_one_text_size_tablet=\u00bb18px\u00bb button_one_text_size_phone=\u00bb11px\u00bb button_one_text_size_last_edited=\u00bbon|phone\u00bb border_width_right=\u00bb30px\u00bb border_color_right=\u00bb#ffffff\u00bb border_width_bottom=\u00bb30px\u00bb border_color_bottom=\u00bb#ffffff\u00bb border_width_left=\u00bb30px\u00bb border_color_left=\u00bb#ffffff\u00bb global_colors_info=\u00bb{}\u00bb button_one_text_color__hover_enabled=\u00bbon\u00bb button_one_text_color__hover=\u00bbrgba(255,255,255,0.98)\u00bb button_one_bg_color__hover_enabled=\u00bbon|hover\u00bb button_one_bg_color__hover=\u00bb#2473da\u00bb button_one_border_color__hover_enabled=\u00bbon|desktop\u00bb button_one_border_color__hover=\u00bb#2473da\u00bb button_one_bg_enable_color__hover=\u00bbon\u00bb]<\/p>\n<p><span>Who It's For: With Pro Citas, law offices can easily schedule consultations and appointments with clients, manage their calendars and access important client information. This can help simplify the scheduling process and improve communication with clients.<\/span><\/p>\n<p>[\/et_pb_fullwidth_header][et_pb_fullwidth_header title=\u00bbPlanificadores de eventos\u00bb header_fullscreen=\u00bbon\u00bb button_one_text=\u00bbME INTERESA\u00bb button_one_url=\u00bb@ET-DC@eyJkeW5hbWljIjp0cnVlLCJjb250ZW50IjoicG9zdF9saW5rX3VybF9wYWdlIiwic2V0dGluZ3MiOnsicG9zdF9pZCI6IjM2MCJ9fQ==@\u00bb content_max_width=\u00bb450px\u00bb admin_label=\u00bbPlanificadores de eventos\u00bb module_id=\u00bbpde\u00bb _builder_version=\u00bb4.19.5&#8243; _dynamic_attributes=\u00bbbutton_one_url\u00bb title_font=\u00bbJost|||on|||||\u00bb title_font_size=\u00bb44px\u00bb content_font=\u00bbPoppins||||||||\u00bb content_font_size=\u00bb16px\u00bb content_line_height=\u00bb1.8em\u00bb background_color=\u00bbrgba(1,2,41,0)\u00bb use_background_color_gradient=\u00bbon\u00bb background_color_gradient_stops=\u00bbrgba(0,0,0,0.2) 0%|rgba(0,0,0,0.2) 100%\u00bb background_color_gradient_overlays_image=\u00bbon\u00bb background_image=\u00bbhttps:\/\/negocio.procitas.com.do\/wp-content\/uploads\/2023\/01\/PLANIFICADORES-DE-EVENTOS-Pro-Citas.webp\u00bb parallax=\u00bbon\u00bb custom_button_one=\u00bbon\u00bb button_one_text_size=\u00bb18px\u00bb button_one_text_color=\u00bb#ffffff\u00bb button_one_bg_color=\u00bb#2473da\u00bb button_one_border_width=\u00bb13px\u00bb button_one_border_color=\u00bb#2473da\u00bb button_one_border_radius=\u00bb0px\u00bb button_one_letter_spacing=\u00bb3px\u00bb button_one_font=\u00bbPoppins||||||||\u00bb title_font_size_tablet=\u00bb44px\u00bb title_font_size_phone=\u00bb34px\u00bb title_font_size_last_edited=\u00bbon|phone\u00bb button_one_text_size_tablet=\u00bb18px\u00bb button_one_text_size_phone=\u00bb11px\u00bb button_one_text_size_last_edited=\u00bbon|phone\u00bb border_width_right=\u00bb30px\u00bb border_color_right=\u00bb#ffffff\u00bb border_width_bottom=\u00bb30px\u00bb border_color_bottom=\u00bb#ffffff\u00bb border_width_left=\u00bb30px\u00bb border_color_left=\u00bb#ffffff\u00bb global_colors_info=\u00bb{}\u00bb button_one_text_color__hover_enabled=\u00bbon\u00bb button_one_text_color__hover=\u00bbrgba(255,255,255,0.98)\u00bb button_one_bg_color__hover_enabled=\u00bbon|hover\u00bb button_one_bg_color__hover=\u00bb#2473da\u00bb button_one_border_color__hover_enabled=\u00bbon|desktop\u00bb button_one_border_color__hover=\u00bb#2473da\u00bb button_one_bg_enable_color__hover=\u00bbon\u00bb]<\/p>\n<p><span>Who It's For: Event planners can use Pro Citas to manage the scheduling and coordination of events, including appointments with suppliers and customers. This can help simplify the planning process and improve communication with clients.<\/span><\/p>\n<p>[\/et_pb_fullwidth_header][et_pb_fullwidth_header title=\u00bbSalones de belleza y spa\u00bb header_fullscreen=\u00bbon\u00bb button_one_text=\u00bbME INTERESA\u00bb button_one_url=\u00bb@ET-DC@eyJkeW5hbWljIjp0cnVlLCJjb250ZW50IjoicG9zdF9saW5rX3VybF9wYWdlIiwic2V0dGluZ3MiOnsicG9zdF9pZCI6IjM2MCJ9fQ==@\u00bb content_max_width=\u00bb450px\u00bb admin_label=\u00bbSalones de belleza y spa\u00bb module_id=\u00bbsalones\u00bb _builder_version=\u00bb4.19.5&#8243; _dynamic_attributes=\u00bbbutton_one_url\u00bb title_font=\u00bbJost|||on|||||\u00bb title_font_size=\u00bb50px\u00bb content_font=\u00bbPoppins||||||||\u00bb content_font_size=\u00bb15px\u00bb content_line_height=\u00bb1.8em\u00bb background_color=\u00bbrgba(1,2,41,0)\u00bb use_background_color_gradient=\u00bbon\u00bb background_color_gradient_stops=\u00bbrgba(0,0,0,0.2) 0%|rgba(0,0,0,0.2) 100%\u00bb background_color_gradient_overlays_image=\u00bbon\u00bb background_image=\u00bbhttps:\/\/negocio.procitas.com.do\/wp-content\/uploads\/2023\/01\/SALONES-DE-BELLEZA-Y-SPA-Pro-Citas.webp\u00bb parallax=\u00bbon\u00bb custom_button_one=\u00bbon\u00bb button_one_text_size=\u00bb18px\u00bb button_one_text_color=\u00bb#ffffff\u00bb button_one_bg_color=\u00bb#2473da\u00bb button_one_border_width=\u00bb13px\u00bb button_one_border_color=\u00bb#2473da\u00bb button_one_border_radius=\u00bb0px\u00bb button_one_letter_spacing=\u00bb3px\u00bb button_one_font=\u00bbPoppins||||||||\u00bb title_font_size_tablet=\u00bb50px\u00bb title_font_size_phone=\u00bb34px\u00bb title_font_size_last_edited=\u00bbon|phone\u00bb button_one_text_size_tablet=\u00bb18px\u00bb button_one_text_size_phone=\u00bb11px\u00bb button_one_text_size_last_edited=\u00bbon|phone\u00bb border_width_right=\u00bb30px\u00bb border_color_right=\u00bb#ffffff\u00bb border_width_bottom=\u00bb30px\u00bb border_color_bottom=\u00bb#ffffff\u00bb border_width_left=\u00bb30px\u00bb border_color_left=\u00bb#ffffff\u00bb global_colors_info=\u00bb{}\u00bb button_one_text_color__hover_enabled=\u00bbon\u00bb button_one_text_color__hover=\u00bbrgba(255,255,255,0.98)\u00bb button_one_bg_color__hover_enabled=\u00bbon|hover\u00bb button_one_bg_color__hover=\u00bb#2473da\u00bb button_one_border_color__hover_enabled=\u00bbon|desktop\u00bb button_one_border_color__hover=\u00bb#2473da\u00bb button_one_bg_enable_color__hover=\u00bbon\u00bb]<\/p>\n<p><span>Who It's For: Pro Citas is perfect for salons and spas, as it allows clients to book appointments online and receive automated reminders. The software also makes it easy to manage staff schedules, view client information and process payments.<\/span><\/p>\n<p>[\/et_pb_fullwidth_header][\/et_pb_section]<\/p>","protected":false},"excerpt":{"rendered":"<p>\u00bfPara Qui\u00e9n Es?Para Qui\u00e9n Es: Pro Citas puede ayudar a los hospitales y centros m\u00e9dicos a gestionar las citas de los pacientes, enviar recordatorios autom\u00e1ticos de citas, as\u00ed como programar citas con distintos departamentos y gestionar el flujo de pacientes.Para Qui\u00e9n Es: Pro Citas puede ayudar a los consultorios m\u00e9dicos y dentales a gestionar las [&hellip;]<\/p>","protected":false},"author":4,"featured_media":0,"parent":0,"menu_order":0,"comment_status":"closed","ping_status":"closed","template":"","meta":{"_et_pb_use_builder":"on","_et_pb_old_content":"","_et_gb_content_width":"","footnotes":""},"class_list":["post-366","page","type-page","status-publish","hentry"],"_links":{"self":[{"href":"https:\/\/negocio.procitas.com.do\/en\/wp-json\/wp\/v2\/pages\/366","targetHints":{"allow":["GET"]}}],"collection":[{"href":"https:\/\/negocio.procitas.com.do\/en\/wp-json\/wp\/v2\/pages"}],"about":[{"href":"https:\/\/negocio.procitas.com.do\/en\/wp-json\/wp\/v2\/types\/page"}],"author":[{"embeddable":true,"href":"https:\/\/negocio.procitas.com.do\/en\/wp-json\/wp\/v2\/users\/4"}],"replies":[{"embeddable":true,"href":"https:\/\/negocio.procitas.com.do\/en\/wp-json\/wp\/v2\/comments?post=366"}],"version-history":[{"count":25,"href":"https:\/\/negocio.procitas.com.do\/en\/wp-json\/wp\/v2\/pages\/366\/revisions"}],"predecessor-version":[{"id":871,"href":"https:\/\/negocio.procitas.com.do\/en\/wp-json\/wp\/v2\/pages\/366\/revisions\/871"}],"wp:attachment":[{"href":"https:\/\/negocio.procitas.com.do\/en\/wp-json\/wp\/v2\/media?parent=366"}],"curies":[{"name":"wp","href":"https:\/\/api.w.org\/{rel}","templated":true}]}}